{"id":3,"date":"2022-09-30T16:07:55","date_gmt":"2022-09-30T16:07:55","guid":{"rendered":"https:\/\/cybetower.swiss\/?page_id=3"},"modified":"2022-10-27T16:55:49","modified_gmt":"2022-10-27T16:55:49","slug":"privacy_policy","status":"publish","type":"page","link":"https:\/\/cybetower.swiss\/it\/privacy_policy\/","title":{"rendered":"Privacy Policy"},"content":{"rendered":"\n[et_pb_section fb_built=&#8221;1&#8243; _builder_version=&#8221;4.16&#8243; global_colors_info=&#8221;{}&#8221;][et_pb_row _builder_version=&#8221;4.16&#8243; background_size=&#8221;initial&#8221; background_position=&#8221;top_left&#8221; background_repeat=&#8221;repeat&#8221; global_colors_info=&#8221;{}&#8221;][et_pb_column type=&#8221;4_4&#8243; _builder_version=&#8221;4.16&#8243; custom_padding=&#8221;|||&#8221; global_colors_info=&#8221;{}&#8221; custom_padding__hover=&#8221;|||&#8221;][et_pb_text _builder_version=&#8221;4.16&#8243; background_size=&#8221;initial&#8221; background_position=&#8221;top_left&#8221; background_repeat=&#8221;repeat&#8221; global_colors_info=&#8221;{}&#8221;]<!-- divi:heading -->\n<div class=\"et_pb_text et_pb_module et_pb_bg_layout_light et_pb_text_align_left et_pb_text_0\">\n<div class=\"et_pb_text_inner\">\n<h2>Protezione dei dati<\/h2>\n<p>Ai sensi dell\u2019articolo 13 della Costituzione federale e secondo le disposizioni legali della Confederazione svizzera sulla protezione dei dati, ognuno ha diritto al rispetto della sua vita privata nonch\u00e9 d\u2019essere protetto da un impiego abusivo dei suoi dati personali. Ci atteniamo rigorosamente a queste disposizioni. I dati personali sono trattati con la massima riservatezza e non sono venduti n\u00e9 trasmessi a terzi.<\/p>\n<p>Ci sforziamo di proteggere al meglio possibile le banche dati da intrusioni esterne, perdite, abusi o falsificazioni.<\/p>\n<p>In caso di accesso al nostro sito web vengono registrati i dati seguenti: l\u2019indirizzo IP, la data, l\u2019ora, la chiamata del sistema di navigazione e tutte le informazioni generalmente trasmesse dal sistema operativo rispettivamente dal software di navigazione internet (Browser).<\/p>\n<p>Utilizziamo i servizi di <a title=\"Vai a Google Analytics\" href=\"http:\/\/www.google.com\/intl\/it\/policies\/privacy\/\" target=\"_blank\" rel=\"noopener noreferrer\"><u>Google Analytics<\/u><\/a>, <a href=\"https:\/\/www.facebook.com\/about\/privacy\" target=\"_blank\" rel=\"noopener noreferrer\"><u>Servizi Facebook<\/u><\/a> ai quali vengono trasmessi i dati in questione, per valutazioni statistiche sulle tendenze d\u2019uso del sito al fine di migliorarne l\u2019offerta.<\/p>\n<p>Questi dati ci permettono d\u2019elaborare valutazioni statistiche in forma anonima in modo tale da identificarne le tendenze, con lo scopo di migliorare l\u2019offerta.<\/p>\n<p>I dati sull\u2019utilizzazione non vengono da noi associati a dati personali.<\/p>\n<p>Secondo la legge federale sulla sorveglianza della corrispondenza postale e del traffico delle telecomunicazioni (LSCPT) esiste un\u2019obbligazione di conservare a sei mesi almeno i dati di collegamento.<\/p>\n<p>Queste norme non si applicano in caso di accesso volontario. Durante la registrazione del vostro indirizzo e-mail, quest\u2019ultimo viene archiviato in una banca dati separata e non nei file di archivio anonimi. Potete annullare in qualsiasi momento la vostra registrazione.<\/p>\n<p>&nbsp;<\/p>\n<div class=\"et_pb_text et_pb_module et_pb_bg_layout_light et_pb_text_align_left et_pb_text_1\">\n<div class=\"et_pb_text_inner\">\n<h2>Diritti d\u2019autore<\/h2>\n<p>Tutte le informazioni pubblicate sul sito <b>cybetower.swiss <\/b>sono di nostra\u00a0esclusiva propriet\u00e0. Questa\u00a0esclusiva propriet\u00e0 si estende anche alle comunicazioni via mail di ogni genere, post su Facebook e qualsiasi altro Social Network, articoli stampati e articoli del blog.<\/p>\n<p>Su richiesta ed esclusivamente in forma scritta\u00a0possiamo consentire\u00a0l\u2019utilizzo, la riproduzione e la distribuzione a scopo non commerciale delle informazioni contenute sul sito a condizione che venga esplicitamente indicata la fonte. L\u2019uso delle immagini fotografiche \u00e8, per contro, gravato dal pagamento dei diritti agli autori. Restano riservati i diritti immateriali di terzi.<\/p>\n<p>&nbsp;<\/p>\n<\/div>\n<\/div>\n<\/div>\n<\/div>\n<div class=\"et_pb_text et_pb_module et_pb_bg_layout_light et_pb_text_align_left et_pb_text_2\">\n<div class=\"et_pb_text_inner\">\n<h2>Informazioni legali<\/h2>\n<p>Quanto pubblicato sul sito <b>cybetower.swiss<\/b>\u00a0non costituisce informazione vincolante ai sensi di legge.<\/p>\n<p>Ci riserviamo il diritto di apportare modifiche al contenuto di <b>cybetower.swiss<\/b>\u00a0in qualsiasi momento e senza alcun preavviso, declinando ogni responsabilit\u00e0 circa eventuali inesattezze materiali o lacune nei testi presenti, cos\u00ec come per gli aggiornamenti degli stessi. Fanno fede unicamente i testi la cui validit\u00e0 legale \u00e8 riconosciuta.<\/p>\n<p>Rimandi e collegamenti a siti web di terzi non rientrano nella sfera della nostra\u00a0responsabilit\u00e0. L\u2019utente consulta e utilizza queste pagine web a proprio rischio e pericolo. Dichiariamo esplicitamente di non avere nessuna influenza sulla forma, il contenuto e le offerte delle pagine collegate e decliniamo ogni responsabilit\u00e0 per queste pagine web. Le informazioni e i servizi offerti da queste pagine web sono interamente di responsabilit\u00e0 dei loro autori.<\/p>\n<p>Ci\u00a0riserviamo il diritto di avviare azioni giudiziarie contro qualsiasi violazione della legge federale sul diritto d\u2019autore e della legge federale contro la concorrenza sleale.<\/p>\n<\/div>\n<\/div>\n<p>&nbsp;<\/p>\n<!-- \/divi:paragraph -->[\/et_pb_text][\/et_pb_column][\/et_pb_row][\/et_pb_section]\n","protected":false},"excerpt":{"rendered":"<p>Protezione dei dati Ai sensi dell\u2019articolo 13 della Costituzione federale e secondo le disposizioni legali della Confederazione svizzera sulla protezione dei dati, ognuno ha diritto al rispetto della sua vita privata nonch\u00e9 d\u2019essere protetto da un impiego abusivo dei suoi dati personali. Ci atteniamo rigorosamente a queste disposizioni. I dati personali sono trattati con la [&hellip;]<\/p>\n","protected":false},"author":1,"featured_media":0,"parent":0,"menu_order":0,"comment_status":"closed","ping_status":"closed","template":"","meta":{"_et_pb_use_builder":"on","_et_pb_old_content":"<!-- wp:heading -->\n<h2>Who we are<\/h2>\n<!-- \/wp:heading -->\n\n<!-- wp:paragraph -->\n<p><strong class=\"privacy-policy-tutorial\">Suggested text: <\/strong>Our website address is: https:\/\/cybetower.swiss.<\/p>\n<!-- \/wp:paragraph -->\n\n<!-- wp:heading -->\n<h2>Comments<\/h2>\n<!-- \/wp:heading -->\n\n<!-- wp:paragraph -->\n<p><strong class=\"privacy-policy-tutorial\">Suggested text: <\/strong>When visitors leave comments on the site we collect the data shown in the comments form, and also the visitor\u2019s IP address and browser user agent string to help spam detection.<\/p>\n<!-- \/wp:paragraph -->\n\n<!-- wp:paragraph -->\n<p>An anonymized string created from your email address (also called a hash) may be provided to the Gravatar service to see if you are using it. The Gravatar service privacy policy is available here: https:\/\/automattic.com\/privacy\/. After approval of your comment, your profile picture is visible to the public in the context of your comment.<\/p>\n<!-- \/wp:paragraph -->\n\n<!-- wp:heading -->\n<h2>Media<\/h2>\n<!-- \/wp:heading -->\n\n<!-- wp:paragraph -->\n<p><strong class=\"privacy-policy-tutorial\">Suggested text: <\/strong>If you upload images to the website, you should avoid uploading images with embedded location data (EXIF GPS) included. Visitors to the website can download and extract any location data from images on the website.<\/p>\n<!-- \/wp:paragraph -->\n\n<!-- wp:heading -->\n<h2>Cookies<\/h2>\n<!-- \/wp:heading -->\n\n<!-- wp:paragraph -->\n<p><strong class=\"privacy-policy-tutorial\">Suggested text: <\/strong>If you leave a comment on our site you may opt-in to saving your name, email address and website in cookies. These are for your convenience so that you do not have to fill in your details again when you leave another comment. These cookies will last for one year.<\/p>\n<!-- \/wp:paragraph -->\n\n<!-- wp:paragraph -->\n<p>If you visit our login page, we will set a temporary cookie to determine if your browser accepts cookies. This cookie contains no personal data and is discarded when you close your browser.<\/p>\n<!-- \/wp:paragraph -->\n\n<!-- wp:paragraph -->\n<p>When you log in, we will also set up several cookies to save your login information and your screen display choices. Login cookies last for two days, and screen options cookies last for a year. If you select \"Remember Me\", your login will persist for two weeks. If you log out of your account, the login cookies will be removed.<\/p>\n<!-- \/wp:paragraph -->\n\n<!-- wp:paragraph -->\n<p>If you edit or publish an article, an additional cookie will be saved in your browser. This cookie includes no personal data and simply indicates the post ID of the article you just edited. It expires after 1 day.<\/p>\n<!-- \/wp:paragraph -->\n\n<!-- wp:heading -->\n<h2>Embedded content from other websites<\/h2>\n<!-- \/wp:heading -->\n\n<!-- wp:paragraph -->\n<p><strong class=\"privacy-policy-tutorial\">Suggested text: <\/strong>Articles on this site may include embedded content (e.g. videos, images, articles, etc.). Embedded content from other websites behaves in the exact same way as if the visitor has visited the other website.<\/p>\n<!-- \/wp:paragraph -->\n\n<!-- wp:paragraph -->\n<p>These websites may collect data about you, use cookies, embed additional third-party tracking, and monitor your interaction with that embedded content, including tracking your interaction with the embedded content if you have an account and are logged in to that website.<\/p>\n<!-- \/wp:paragraph -->\n\n<!-- wp:heading -->\n<h2>Who we share your data with<\/h2>\n<!-- \/wp:heading -->\n\n<!-- wp:paragraph -->\n<p><strong class=\"privacy-policy-tutorial\">Suggested text: <\/strong>If you request a password reset, your IP address will be included in the reset email.<\/p>\n<!-- \/wp:paragraph -->\n\n<!-- wp:heading -->\n<h2>How long we retain your data<\/h2>\n<!-- \/wp:heading -->\n\n<!-- wp:paragraph -->\n<p><strong class=\"privacy-policy-tutorial\">Suggested text: <\/strong>If you leave a comment, the comment and its metadata are retained indefinitely. This is so we can recognize and approve any follow-up comments automatically instead of holding them in a moderation queue.<\/p>\n<!-- \/wp:paragraph -->\n\n<!-- wp:paragraph -->\n<p>For users that register on our website (if any), we also store the personal information they provide in their user profile. All users can see, edit, or delete their personal information at any time (except they cannot change their username). Website administrators can also see and edit that information.<\/p>\n<!-- \/wp:paragraph -->\n\n<!-- wp:heading -->\n<h2>What rights you have over your data<\/h2>\n<!-- \/wp:heading -->\n\n<!-- wp:paragraph -->\n<p><strong class=\"privacy-policy-tutorial\">Suggested text: <\/strong>If you have an account on this site, or have left comments, you can request to receive an exported file of the personal data we hold about you, including any data you have provided to us. You can also request that we erase any personal data we hold about you. This does not include any data we are obliged to keep for administrative, legal, or security purposes.<\/p>\n<!-- \/wp:paragraph -->\n\n<!-- wp:heading -->\n<h2>Where your data is sent<\/h2>\n<!-- \/wp:heading -->\n\n<!-- wp:paragraph -->\n<p><strong class=\"privacy-policy-tutorial\">Suggested text: <\/strong>Visitor comments may be checked through an automated spam detection service.<\/p>\n<!-- \/wp:paragraph -->","_et_gb_content_width":"","om_disable_all_campaigns":false,"_monsterinsights_skip_tracking":false,"_monsterinsights_sitenote_active":false,"_monsterinsights_sitenote_note":"","_monsterinsights_sitenote_category":0,"footnotes":""},"class_list":["post-3","page","type-page","status-publish","hentry"],"_links":{"self":[{"href":"https:\/\/cybetower.swiss\/it\/wp-json\/wp\/v2\/pages\/3","targetHints":{"allow":["GET"]}}],"collection":[{"href":"https:\/\/cybetower.swiss\/it\/wp-json\/wp\/v2\/pages"}],"about":[{"href":"https:\/\/cybetower.swiss\/it\/wp-json\/wp\/v2\/types\/page"}],"author":[{"embeddable":true,"href":"https:\/\/cybetower.swiss\/it\/wp-json\/wp\/v2\/users\/1"}],"replies":[{"embeddable":true,"href":"https:\/\/cybetower.swiss\/it\/wp-json\/wp\/v2\/comments?post=3"}],"version-history":[{"count":3,"href":"https:\/\/cybetower.swiss\/it\/wp-json\/wp\/v2\/pages\/3\/revisions"}],"predecessor-version":[{"id":47,"href":"https:\/\/cybetower.swiss\/it\/wp-json\/wp\/v2\/pages\/3\/revisions\/47"}],"wp:attachment":[{"href":"https:\/\/cybetower.swiss\/it\/wp-json\/wp\/v2\/media?parent=3"}],"curies":[{"name":"wp","href":"https:\/\/api.w.org\/{rel}","templated":true}]}}